{"id":14,"date":"2024-12-26T17:30:37","date_gmt":"2024-12-26T17:30:37","guid":{"rendered":"https:\/\/xpressproduction.net\/?page_id=14"},"modified":"2024-12-29T17:42:46","modified_gmt":"2024-12-29T17:42:46","slug":"about","status":"publish","type":"page","link":"https:\/\/xpressproduction.net\/ro\/home\/about\/","title":{"rendered":"Despre"},"content":{"rendered":"<div class=\"wp-block-cover alignfull is-light has-text-color has-link-color wp-elements-8acf9516b271d36ec436f2e1795ff34e\" style=\"color:#eff9ff;padding-top:6rem;padding-bottom:6rem\"><span aria-hidden=\"true\" class=\"wp-block-cover__background has-background-dim-70 has-background-dim\" style=\"background-color:#eff9ff\"><\/span><div class=\"wp-block-cover__inner-container has-global-padding is-layout-constrained wp-container-core-cover-is-layout-5cbdda46 wp-block-cover-is-layout-constrained\">\n<h2 class=\"wp-block-heading has-text-align-center has-text-color has-link-color has-suranna-font-family wp-elements-0b9df51ad6d6550b96f119402d199acc\" style=\"color:#07277c;font-size:clamp(24.034px, 1.502rem + ((1vw - 3.2px) * 1.814), 40px);font-style:normal;font-weight:500;letter-spacing:1px\">Cine suntem noi?<\/h2>\n\n\n\n<p class=\"has-text-align-center has-text-color has-link-color wp-elements-ecae67ac0cc589c23faca8f3c1dfa4bf\" style=\"color:#000000;font-size:clamp(14px, 0.875rem + ((1vw - 3.2px) * 0.455), 18px);\">Colabor\u0103m cu nume de \u00eencredere precum Victron, Fronius, Huawei, HIKVISION, Axis, Dahua, ZKTeco, DSC, AJAX, Omada, Aruba, APC \u0219i Ubiquiti. Produsele lor de \u00eenalt\u0103 calitate ne permit s\u0103 implement\u0103m sisteme avansate care respect\u0103 cele mai \u00eenalte standarde de performan\u021b\u0103, siguran\u021b\u0103 \u0219i eficien\u021b\u0103.<\/p>\n\n\n\n<p class=\"has-text-align-center has-text-color has-link-color wp-elements-4eb00a79f7dcc05c61492ccc60fdfb7f\" style=\"color:#000000;font-size:clamp(14px, 0.875rem + ((1vw - 3.2px) * 0.455), 18px);\">We collaborate with trusted names like <strong>Victron, Fronius, Huawei, HIKVISION, Axis, Dahua, ZKTeco, DSC, AJAX, Omada, Aruba, APC<\/strong> and <strong>Ubiquiti<\/strong>. Their high-quality products empower us to implement advanced systems that adhere to the highest standards of performance, safety, and efficiency.   <\/p>\n\n\n\n<p class=\"has-text-align-center has-text-color has-link-color wp-elements-bd77311dcf19431f46d077158630a4f4\" style=\"color:#000000;font-size:clamp(14px, 0.875rem + ((1vw - 3.2px) * 0.455), 18px);\">Echipa noastr\u0103 combin\u0103 expertiza tehnic\u0103 cu materiale premium pentru a oferi solu\u021bii personalizate, de lung\u0103 durat\u0103. La Xpress Production, ne angaj\u0103m spre excelen\u021b\u0103, asigur\u00e2ndu-ne c\u0103 fiecare proiect pe care \u00eel \u00eentreprindem aduce o valoare excep\u021bional\u0103 \u0219i lini\u0219te sufleteasc\u0103 clien\u021bilor no\u0219tri.<\/p>\n\n\n\n<div class=\"wp-block-buttons is-content-justification-center is-layout-flex wp-container-core-buttons-is-layout-72caf8c6 wp-block-buttons-is-layout-flex\">\n<div class=\"wp-block-button has-custom-font-size\" style=\"font-size:clamp(14px, 0.875rem + ((1vw - 3.2px) * 0.682), 20px);text-transform:capitalize\"><a class=\"wp-block-button__link has-text-color has-background has-text-align-right wp-element-button\" href=\"https:\/\/xpressproduction.net\/ro\/contact\/\" style=\"border-style:none;border-width:0px;border-radius:30px;color:#ffffff;background-color:#07277c;padding-top:20px;padding-right:40px;padding-bottom:20px;padding-left:40px\">Contact<\/a><\/div>\n<\/div>\n<\/div><\/div>\n\n\n\n<div class=\"wp-block-cover alignfull is-light\" style=\"padding-top:6rem;padding-bottom:6rem\"><span aria-hidden=\"true\" class=\"wp-block-cover__background has-white-background-color has-background-dim-10 has-background-dim\"><\/span><div class=\"wp-block-cover__inner-container has-global-padding is-layout-constrained wp-container-core-cover-is-layout-5cbdda46 wp-block-cover-is-layout-constrained\">\n<h2 class=\"wp-block-heading has-text-align-center has-text-color has-link-color has-suranna-font-family wp-elements-51b586a693057bfa0ed183d409c2b821\" style=\"color:#07277c;font-size:clamp(24.034px, 1.502rem + ((1vw - 3.2px) * 1.814), 40px);font-style:normal;font-weight:500;letter-spacing:1px\">Angajamentele noastre<\/h2>\n\n\n\n<pre class=\"wp-block-verse has-text-align-center\" style=\"font-size:clamp(14px, 0.875rem + ((1vw - 3.2px) * 0.455), 18px);\">Comunicare clar\u0103 despre procesele \u0219i serviciile noastre.<br>Putting your needs first in every interaction.<br>Ensuring the confidentiality of your information.<br>Adhering to high standards in all business dealings.<br>Offering competitive and transparent pricing for our services. <br>Keeping you informed at every stage of the process.<\/pre>\n<\/div><\/div>\n\n\n\n<div class=\"wp-block-cover alignfull is-light has-text-color has-link-color wp-elements-45ab5ce45600daeeaf2fb74b2fc30965\" style=\"color:#eff9ff;padding-top:6rem;padding-bottom:6rem\"><span aria-hidden=\"true\" class=\"wp-block-cover__background has-background-dim-70 has-background-dim\" style=\"background-color:#eff9ff\"><\/span><div class=\"wp-block-cover__inner-container has-global-padding is-layout-constrained wp-container-core-cover-is-layout-5cbdda46 wp-block-cover-is-layout-constrained\">\n<h2 class=\"wp-block-heading has-text-align-center has-text-color has-link-color has-suranna-font-family wp-elements-8fc13990824b863443d4255586c1576d\" style=\"color:#07277c;font-size:clamp(24.034px, 1.502rem + ((1vw - 3.2px) * 1.814), 40px);font-style:normal;font-weight:500;letter-spacing:1px\">De ce s\u0103 ne alege\u021bi pe noi?<\/h2>\n\n\n\n<p class=\"has-text-align-center has-text-color has-link-color wp-elements-a4a58187a8f9d69ee67a7a0e13b9ea9d\" style=\"color:#000000;font-size:clamp(14px, 0.875rem + ((1vw - 3.2px) * 0.455), 18px);\">La Xpress Production, combin\u0103m expertiza, materialele de cea mai bun\u0103 calitate \u0219i tehnologia de ultim\u0103 or\u0103 pentru a oferi solu\u021bii inovatoare \u0219i fiabile. Rela\u021biile noastre puternice cu furnizori de \u00eencredere precum Victron, Fronius, Huawei \u0219i HIKVISION asigur\u0103 c\u0103 fiecare sistem pe care \u00eel proiect\u0103m \u00eendepline\u0219te cele mai \u00eenalte standarde. Cu un angajament fa\u021b\u0103 de excelen\u021b\u0103 \u0219i o abordare centrat\u0103 pe client, oferim solu\u021bii personalizate, de lung\u0103 durat\u0103, care aduc valoare real\u0103 \u0219i lini\u0219te sufleteasc\u0103 fiec\u0103rui client.<\/p>\n<\/div><\/div>\n\n\n\n<p><\/p>","protected":false},"excerpt":{"rendered":"","protected":false},"author":1,"featured_media":0,"parent":11,"menu_order":0,"comment_status":"closed","ping_status":"closed","template":"","meta":{"footnotes":""},"class_list":["post-14","page","type-page","status-publish","hentry"],"_links":{"self":[{"href":"https:\/\/xpressproduction.net\/ro\/wp-json\/wp\/v2\/pages\/14","targetHints":{"allow":["GET"]}}],"collection":[{"href":"https:\/\/xpressproduction.net\/ro\/wp-json\/wp\/v2\/pages"}],"about":[{"href":"https:\/\/xpressproduction.net\/ro\/wp-json\/wp\/v2\/types\/page"}],"author":[{"embeddable":true,"href":"https:\/\/xpressproduction.net\/ro\/wp-json\/wp\/v2\/users\/1"}],"replies":[{"embeddable":true,"href":"https:\/\/xpressproduction.net\/ro\/wp-json\/wp\/v2\/comments?post=14"}],"version-history":[{"count":14,"href":"https:\/\/xpressproduction.net\/ro\/wp-json\/wp\/v2\/pages\/14\/revisions"}],"predecessor-version":[{"id":368,"href":"https:\/\/xpressproduction.net\/ro\/wp-json\/wp\/v2\/pages\/14\/revisions\/368"}],"up":[{"embeddable":true,"href":"https:\/\/xpressproduction.net\/ro\/wp-json\/wp\/v2\/pages\/11"}],"wp:attachment":[{"href":"https:\/\/xpressproduction.net\/ro\/wp-json\/wp\/v2\/media?parent=14"}],"curies":[{"name":"wp","href":"https:\/\/api.w.org\/{rel}","templated":true}]}}